{"id":76467,"date":"2025-10-21T01:56:28","date_gmt":"2025-10-20T22:56:28","guid":{"rendered":"https:\/\/irinanegrila.ro\/?page_id=76467"},"modified":"2025-12-07T16:05:55","modified_gmt":"2025-12-07T14:05:55","slug":"shop-1","status":"publish","type":"page","link":"https:\/\/irinanegrila.ro\/en\/shop-1\/","title":{"rendered":"Shop"},"content":{"rendered":"<div data-elementor-type=\"wp-page\" data-elementor-id=\"76467\" class=\"elementor elementor-76467\" data-elementor-post-type=\"page\">\n\t\t\t\t\t\t<section class=\"elementor-section elementor-top-section elementor-element elementor-element-7a0df0d elementor-section-height-min-height elementor-section-content-middle animated-slow elementor-section-boxed elementor-section-height-default elementor-section-items-middle elementor-invisible\" data-id=\"7a0df0d\" data-element_type=\"section\" data-settings=\"{&quot;background_background&quot;:&quot;classic&quot;,&quot;animation&quot;:&quot;fadeIn&quot;}\">\n\t\t\t\t\t\t\t<div class=\"elementor-background-overlay\"><\/div>\n\t\t\t\t\t\t\t<div class=\"elementor-container elementor-column-gap-default\">\n\t\t\t\t\t<div class=\"elementor-column elementor-col-100 elementor-top-column elementor-element elementor-element-05d9310\" data-id=\"05d9310\" data-element_type=\"column\">\n\t\t\t<div class=\"elementor-widget-wrap elementor-element-populated\">\n\t\t\t\t\t\t<div class=\"elementor-element elementor-element-f433207 elementor-widget-mobile__width-initial elementor-widget elementor-widget-heading\" data-id=\"f433207\" data-element_type=\"widget\" data-widget_type=\"heading.default\">\n\t\t\t\t<div class=\"elementor-widget-container\">\n\t\t\t\t\t<h2 class=\"elementor-heading-title elementor-size-default\">Instrumente utile pentru tine sau business-ul t\u0103u<\/h2>\t\t\t\t<\/div>\n\t\t\t\t<\/div>\n\t\t\t\t<div class=\"elementor-element elementor-element-57cf710 elementor-widget__width-initial elementor-widget-mobile__width-inherit elementor-widget elementor-widget-heading\" data-id=\"57cf710\" data-element_type=\"widget\" data-widget_type=\"heading.default\">\n\t\t\t\t<div class=\"elementor-widget-container\">\n\t\t\t\t\t<h1 class=\"elementor-heading-title elementor-size-default\">Shop<\/h1>\t\t\t\t<\/div>\n\t\t\t\t<\/div>\n\t\t\t\t<div class=\"elementor-element elementor-element-1e9567a elementor-widget elementor-widget-text-editor\" data-id=\"1e9567a\" data-element_type=\"widget\" data-widget_type=\"text-editor.default\">\n\t\t\t\t<div class=\"elementor-widget-container\">\n\t\t\t\t\t\t\t\t\t<p>Dintre instrumentele de mai jos dezvoltate de mine, alege ce \u021bi se potrive\u0219te. Dac\u0103 e ceva ce \u021bi-ai dori s\u0103 g\u0103se\u0219ti \u00eentre aceste resurse, scrie-mi \u0219i hai s\u0103 dezvolt\u0103m \u00eempreun\u0103 un produs util.<\/p>\t\t\t\t\t\t\t\t<\/div>\n\t\t\t\t<\/div>\n\t\t\t\t<div class=\"elementor-element elementor-element-472444e elementor-view-stacked elementor-shape-circle elementor-invisible elementor-widget elementor-widget-icon\" data-id=\"472444e\" data-element_type=\"widget\" data-settings=\"{&quot;_animation&quot;:&quot;bounce&quot;}\" data-widget_type=\"icon.default\">\n\t\t\t\t<div class=\"elementor-widget-container\">\n\t\t\t\t\t\t\t<div class=\"elementor-icon-wrapper\">\n\t\t\t<a class=\"elementor-icon elementor-animation-hang\" href=\"#produse\">\n\t\t\t<i aria-hidden=\"true\" class=\"fas fa-angle-down\"><\/i>\t\t\t<\/a>\n\t\t<\/div>\n\t\t\t\t\t\t<\/div>\n\t\t\t\t<\/div>\n\t\t\t\t\t<\/div>\n\t\t<\/div>\n\t\t\t\t\t<\/div>\n\t\t<\/section>\n\t\t\t\t<section class=\"elementor-section elementor-top-section elementor-element elementor-element-23396878 animated-slow elementor-section-boxed elementor-section-height-default elementor-section-height-default elementor-invisible\" data-id=\"23396878\" data-element_type=\"section\" id=\"produse\" data-settings=\"{&quot;background_background&quot;:&quot;classic&quot;,&quot;animation&quot;:&quot;fadeIn&quot;}\">\n\t\t\t\t\t\t<div class=\"elementor-container elementor-column-gap-default\">\n\t\t\t\t\t<div class=\"elementor-column elementor-col-100 elementor-top-column elementor-element elementor-element-1b8c69ba\" data-id=\"1b8c69ba\" data-element_type=\"column\">\n\t\t\t<div class=\"elementor-widget-wrap elementor-element-populated\">\n\t\t\t\t\t\t<div class=\"elementor-element elementor-element-79e602f elementor-grid-3 elementor-product-loop-item--align-center elementor-grid-mobile-1 elementor-grid-tablet-3 elementor-products-grid elementor-wc-products elementor-show-pagination-border-yes elementor-widget elementor-widget-woocommerce-products\" data-id=\"79e602f\" data-element_type=\"widget\" data-widget_type=\"woocommerce-products.default\">\n\t\t\t\t<div class=\"elementor-widget-container\">\n\t\t\t\t\t<div class=\"woocommerce columns-3\"><div class=\"woocommerce-notices-wrapper\"><\/div><ul class=\"products elementor-grid columns-3\">\n<li class=\"product type-product post-77589 status-publish first instock product_cat-ground-yourself has-post-thumbnail shipping-taxable purchasable product-type-simple\">\n\t<a href=\"https:\/\/irinanegrila.ro\/en\/product\/pachet-strategie-in-farfurie\/\" class=\"woocommerce-LoopProduct-link woocommerce-loop-product__link\"><img fetchpriority=\"high\" decoding=\"async\" width=\"300\" height=\"300\" src=\"https:\/\/irinanegrila.ro\/wp-content\/uploads\/2026\/03\/Copy-of-Servicii_training-300x300.png\" class=\"attachment-woocommerce_thumbnail size-woocommerce_thumbnail\" alt=\"Pachet STRATEGIE \u00ceN FARFURIE - 4 \u0219edin\u021be\" srcset=\"https:\/\/irinanegrila.ro\/wp-content\/uploads\/2026\/03\/Copy-of-Servicii_training-300x300.png 300w, https:\/\/irinanegrila.ro\/wp-content\/uploads\/2026\/03\/Copy-of-Servicii_training-1024x1024.png 1024w, https:\/\/irinanegrila.ro\/wp-content\/uploads\/2026\/03\/Copy-of-Servicii_training-150x150.png 150w, https:\/\/irinanegrila.ro\/wp-content\/uploads\/2026\/03\/Copy-of-Servicii_training-768x768.png 768w, https:\/\/irinanegrila.ro\/wp-content\/uploads\/2026\/03\/Copy-of-Servicii_training-12x12.png 12w, https:\/\/irinanegrila.ro\/wp-content\/uploads\/2026\/03\/Copy-of-Servicii_training-600x600.png 600w, https:\/\/irinanegrila.ro\/wp-content\/uploads\/2026\/03\/Copy-of-Servicii_training-100x100.png 100w, https:\/\/irinanegrila.ro\/wp-content\/uploads\/2026\/03\/Copy-of-Servicii_training.png 1200w\" sizes=\"(max-width: 300px) 100vw, 300px\" \/><h2 class=\"woocommerce-loop-product__title\">Pachet STRATEGIE \u00ceN FARFURIE &#8211; 4 \u0219edin\u021be<\/h2>\n\t<span class=\"price\"><span class=\"woocommerce-Price-amount amount\"><bdi>1.150,00&nbsp;<span class=\"woocommerce-Price-currencySymbol\">lei<\/span><\/bdi><\/span><\/span>\n<\/a><a href=\"\/en\/wp-json\/wp\/v2\/pages\/76467?add-to-cart=77589\" aria-describedby=\"woocommerce_loop_add_to_cart_link_describedby_77589\" data-quantity=\"1\" class=\"button product_type_simple add_to_cart_button ajax_add_to_cart\" data-product_id=\"77589\" data-product_sku=\"\" aria-label=\"Add to cart: \u201cPachet STRATEGIE \u00ceN FARFURIE - 4 \u0219edin\u021be\u201d\" rel=\"nofollow\" data-success_message=\"\u201cPachet STRATEGIE \u00ceN FARFURIE - 4 \u0219edin\u021be\u201d has been added to your cart\" data-no-translation-aria-label=\"\" data-no-translation-data-success_message=\"\">Comand\u0103 acum<\/a>\t<span id=\"woocommerce_loop_add_to_cart_link_describedby_77589\" class=\"screen-reader-text\">\n\t\t\t<\/span>\n<\/li>\n<li class=\"product type-product post-77238 status-publish instock product_cat-ground-yourself has-post-thumbnail virtual purchasable product-type-simple\">\n\t<a href=\"https:\/\/irinanegrila.ro\/en\/product\/pachet-how-to-gym\/\" class=\"woocommerce-LoopProduct-link woocommerce-loop-product__link\"><img decoding=\"async\" width=\"300\" height=\"300\" src=\"https:\/\/irinanegrila.ro\/wp-content\/uploads\/2025\/12\/Pachet-How-To-Gym-300x300.png\" class=\"attachment-woocommerce_thumbnail size-woocommerce_thumbnail\" alt=\"Pachet How To Gym\" srcset=\"https:\/\/irinanegrila.ro\/wp-content\/uploads\/2025\/12\/Pachet-How-To-Gym-300x300.png 300w, https:\/\/irinanegrila.ro\/wp-content\/uploads\/2025\/12\/Pachet-How-To-Gym-100x100.png 100w, https:\/\/irinanegrila.ro\/wp-content\/uploads\/2025\/12\/Pachet-How-To-Gym-600x600.png 600w, https:\/\/irinanegrila.ro\/wp-content\/uploads\/2025\/12\/Pachet-How-To-Gym-1024x1024.png 1024w, https:\/\/irinanegrila.ro\/wp-content\/uploads\/2025\/12\/Pachet-How-To-Gym-150x150.png 150w, https:\/\/irinanegrila.ro\/wp-content\/uploads\/2025\/12\/Pachet-How-To-Gym-768x768.png 768w, https:\/\/irinanegrila.ro\/wp-content\/uploads\/2025\/12\/Pachet-How-To-Gym-12x12.png 12w, https:\/\/irinanegrila.ro\/wp-content\/uploads\/2025\/12\/Pachet-How-To-Gym.png 1200w\" sizes=\"(max-width: 300px) 100vw, 300px\" \/><h2 class=\"woocommerce-loop-product__title\">Pachet How To Gym<\/h2>\n\t<span class=\"price\"><span class=\"woocommerce-Price-amount amount\"><bdi>860,00&nbsp;<span class=\"woocommerce-Price-currencySymbol\">lei<\/span><\/bdi><\/span><\/span>\n<\/a><a href=\"\/en\/wp-json\/wp\/v2\/pages\/76467?add-to-cart=77238\" aria-describedby=\"woocommerce_loop_add_to_cart_link_describedby_77238\" data-quantity=\"1\" class=\"button product_type_simple add_to_cart_button ajax_add_to_cart\" data-product_id=\"77238\" data-product_sku=\"GYS-002-SERVICE\" aria-label=\"Add to cart: \u201cPachet How To Gym\u201d\" rel=\"nofollow\" data-success_message=\"\u201cPachet How To Gym\u201d has been added to your cart\" data-no-translation-aria-label=\"\" data-no-translation-data-success_message=\"\">Comand\u0103 acum<\/a>\t<span id=\"woocommerce_loop_add_to_cart_link_describedby_77238\" class=\"screen-reader-text\">\n\t\t\t<\/span>\n<\/li>\n<li class=\"product type-product post-77221 status-publish last instock product_cat-ground-yourself has-post-thumbnail downloadable virtual purchasable product-type-simple\">\n\t<a href=\"https:\/\/irinanegrila.ro\/en\/product\/jurnal-grounded-eating\/\" class=\"woocommerce-LoopProduct-link woocommerce-loop-product__link\"><img decoding=\"async\" width=\"300\" height=\"300\" src=\"https:\/\/irinanegrila.ro\/wp-content\/uploads\/2025\/12\/Imagine-Shop-300x300.png\" class=\"attachment-woocommerce_thumbnail size-woocommerce_thumbnail\" alt=\"Jurnal Grounded Eating\" srcset=\"https:\/\/irinanegrila.ro\/wp-content\/uploads\/2025\/12\/Imagine-Shop-300x300.png 300w, https:\/\/irinanegrila.ro\/wp-content\/uploads\/2025\/12\/Imagine-Shop-100x100.png 100w, https:\/\/irinanegrila.ro\/wp-content\/uploads\/2025\/12\/Imagine-Shop-600x600.png 600w, https:\/\/irinanegrila.ro\/wp-content\/uploads\/2025\/12\/Imagine-Shop-1024x1024.png 1024w, https:\/\/irinanegrila.ro\/wp-content\/uploads\/2025\/12\/Imagine-Shop-150x150.png 150w, https:\/\/irinanegrila.ro\/wp-content\/uploads\/2025\/12\/Imagine-Shop-768x768.png 768w, https:\/\/irinanegrila.ro\/wp-content\/uploads\/2025\/12\/Imagine-Shop-12x12.png 12w, https:\/\/irinanegrila.ro\/wp-content\/uploads\/2025\/12\/Imagine-Shop.png 1200w\" sizes=\"(max-width: 300px) 100vw, 300px\" \/><h2 class=\"woocommerce-loop-product__title\">Jurnal Grounded Eating<\/h2>\n\t<span class=\"price\"><span class=\"woocommerce-Price-amount amount\"><bdi>23,00&nbsp;<span class=\"woocommerce-Price-currencySymbol\">lei<\/span><\/bdi><\/span><\/span>\n<\/a><a href=\"\/en\/wp-json\/wp\/v2\/pages\/76467?add-to-cart=77221\" aria-describedby=\"woocommerce_loop_add_to_cart_link_describedby_77221\" data-quantity=\"1\" class=\"button product_type_simple add_to_cart_button ajax_add_to_cart\" data-product_id=\"77221\" data-product_sku=\"GYS-001-DIGITAL\" aria-label=\"Add to cart: \u201cJurnal Grounded Eating\u201d\" rel=\"nofollow\" data-success_message=\"\u201cJurnal Grounded Eating\u201d has been added to your cart\" data-no-translation-aria-label=\"\" data-no-translation-data-success_message=\"\">Comand\u0103 acum<\/a>\t<span id=\"woocommerce_loop_add_to_cart_link_describedby_77221\" class=\"screen-reader-text\">\n\t\t\t<\/span>\n<\/li>\n<li class=\"product type-product post-75564 status-publish first instock product_cat-ground-brand has-post-thumbnail downloadable virtual sold-individually purchasable product-type-simple\">\n\t<a href=\"https:\/\/irinanegrila.ro\/en\/product\/buyer-persona-template\/\" class=\"woocommerce-LoopProduct-link woocommerce-loop-product__link\"><img loading=\"lazy\" decoding=\"async\" width=\"300\" height=\"300\" src=\"https:\/\/irinanegrila.ro\/wp-content\/uploads\/2021\/12\/buyer-persona-300x300.png\" class=\"attachment-woocommerce_thumbnail size-woocommerce_thumbnail\" alt=\"Buyer Persona Template\" srcset=\"https:\/\/irinanegrila.ro\/wp-content\/uploads\/2021\/12\/buyer-persona-300x300.png 300w, https:\/\/irinanegrila.ro\/wp-content\/uploads\/2021\/12\/buyer-persona-100x100.png 100w, https:\/\/irinanegrila.ro\/wp-content\/uploads\/2021\/12\/buyer-persona-150x150.png 150w, https:\/\/irinanegrila.ro\/wp-content\/uploads\/2021\/12\/buyer-persona-200x200.png 200w, https:\/\/irinanegrila.ro\/wp-content\/uploads\/2021\/12\/buyer-persona.png 600w\" sizes=\"(max-width: 300px) 100vw, 300px\" \/><h2 class=\"woocommerce-loop-product__title\">Buyer Persona Template<\/h2>\n\t<span class=\"price\"><span class=\"woocommerce-Price-amount amount\"><bdi>0,00&nbsp;<span class=\"woocommerce-Price-currencySymbol\">lei<\/span><\/bdi><\/span><\/span>\n<\/a><a href=\"\/en\/wp-json\/wp\/v2\/pages\/76467?add-to-cart=75564\" aria-describedby=\"woocommerce_loop_add_to_cart_link_describedby_75564\" data-quantity=\"1\" class=\"button product_type_simple add_to_cart_button ajax_add_to_cart\" data-product_id=\"75564\" data-product_sku=\"GYB-001-DIGITAL\" aria-label=\"Add to cart: \u201cBuyer Persona Template\u201d\" rel=\"nofollow\" data-success_message=\"\u201cBuyer Persona Template\u201d has been added to your cart\" data-no-translation-aria-label=\"\" data-no-translation-data-success_message=\"\">Comand\u0103 acum<\/a>\t<span id=\"woocommerce_loop_add_to_cart_link_describedby_75564\" class=\"screen-reader-text\">\n\t\t\t<\/span>\n<\/li>\n<li class=\"product type-product post-75412 status-publish instock product_cat-ground-brand has-post-thumbnail downloadable virtual purchasable product-type-simple\">\n\t<a href=\"https:\/\/irinanegrila.ro\/en\/product\/campaign-brief-template\/\" class=\"woocommerce-LoopProduct-link woocommerce-loop-product__link\"><img loading=\"lazy\" decoding=\"async\" width=\"300\" height=\"300\" src=\"https:\/\/irinanegrila.ro\/wp-content\/uploads\/2021\/12\/campaign-brief-300x300.png\" class=\"attachment-woocommerce_thumbnail size-woocommerce_thumbnail\" alt=\"Campaign Brief Template\" srcset=\"https:\/\/irinanegrila.ro\/wp-content\/uploads\/2021\/12\/campaign-brief-300x300.png 300w, https:\/\/irinanegrila.ro\/wp-content\/uploads\/2021\/12\/campaign-brief-100x100.png 100w, https:\/\/irinanegrila.ro\/wp-content\/uploads\/2021\/12\/campaign-brief-150x150.png 150w, https:\/\/irinanegrila.ro\/wp-content\/uploads\/2021\/12\/campaign-brief-200x200.png 200w, https:\/\/irinanegrila.ro\/wp-content\/uploads\/2021\/12\/campaign-brief.png 600w\" sizes=\"(max-width: 300px) 100vw, 300px\" \/><h2 class=\"woocommerce-loop-product__title\">Campaign Brief Template<\/h2>\n\t<span class=\"price\"><span class=\"woocommerce-Price-amount amount\"><bdi>0,00&nbsp;<span class=\"woocommerce-Price-currencySymbol\">lei<\/span><\/bdi><\/span><\/span>\n<\/a><a href=\"\/en\/wp-json\/wp\/v2\/pages\/76467?add-to-cart=75412\" aria-describedby=\"woocommerce_loop_add_to_cart_link_describedby_75412\" data-quantity=\"1\" class=\"button product_type_simple add_to_cart_button ajax_add_to_cart\" data-product_id=\"75412\" data-product_sku=\"GYB-002-DIGITAL\" aria-label=\"Add to cart: \u201cCampaign Brief Template\u201d\" rel=\"nofollow\" data-success_message=\"\u201cCampaign Brief Template\u201d has been added to your cart\" data-no-translation-aria-label=\"\" data-no-translation-data-success_message=\"\">Comand\u0103 acum<\/a>\t<span id=\"woocommerce_loop_add_to_cart_link_describedby_75412\" class=\"screen-reader-text\">\n\t\t\t<\/span>\n<\/li>\n<\/ul>\n<\/div>\t\t\t\t<\/div>\n\t\t\t\t<\/div>\n\t\t\t\t\t<\/div>\n\t\t<\/div>\n\t\t\t\t\t<\/div>\n\t\t<\/section>\n\t\t\t\t<\/div>","protected":false},"excerpt":{"rendered":"<p>Instrumente utile pentru tine sau business-ul t\u0103u Shop Dintre instrumentele de mai jos dezvoltate de mine, alege ce \u021bi se potrive\u0219te. Dac\u0103 e ceva ce \u021bi-ai dori s\u0103 g\u0103se\u0219ti \u00eentre aceste resurse, scrie-mi \u0219i hai s\u0103 dezvolt\u0103m \u00eempreun\u0103 un produs util.<\/p>","protected":false},"author":1,"featured_media":0,"parent":0,"menu_order":0,"comment_status":"closed","ping_status":"closed","template":"elementor_header_footer","meta":{"footnotes":""},"class_list":["post-76467","page","type-page","status-publish","hentry"],"_links":{"self":[{"href":"https:\/\/irinanegrila.ro\/en\/wp-json\/wp\/v2\/pages\/76467","targetHints":{"allow":["GET"]}}],"collection":[{"href":"https:\/\/irinanegrila.ro\/en\/wp-json\/wp\/v2\/pages"}],"about":[{"href":"https:\/\/irinanegrila.ro\/en\/wp-json\/wp\/v2\/types\/page"}],"author":[{"embeddable":true,"href":"https:\/\/irinanegrila.ro\/en\/wp-json\/wp\/v2\/users\/1"}],"replies":[{"embeddable":true,"href":"https:\/\/irinanegrila.ro\/en\/wp-json\/wp\/v2\/comments?post=76467"}],"version-history":[{"count":52,"href":"https:\/\/irinanegrila.ro\/en\/wp-json\/wp\/v2\/pages\/76467\/revisions"}],"predecessor-version":[{"id":77511,"href":"https:\/\/irinanegrila.ro\/en\/wp-json\/wp\/v2\/pages\/76467\/revisions\/77511"}],"wp:attachment":[{"href":"https:\/\/irinanegrila.ro\/en\/wp-json\/wp\/v2\/media?parent=76467"}],"curies":[{"name":"wp","href":"https:\/\/api.w.org\/{rel}","templated":true}]}}