{"id":76176,"date":"2025-10-20T12:28:25","date_gmt":"2025-10-20T09:28:25","guid":{"rendered":"https:\/\/irinanegrila.ro\/?page_id=76176"},"modified":"2026-02-01T13:38:57","modified_gmt":"2026-02-01T11:38:57","slug":"despre-mine","status":"publish","type":"page","link":"https:\/\/irinanegrila.ro\/en\/despre-mine\/","title":{"rendered":"Despre mine"},"content":{"rendered":"<div data-elementor-type=\"wp-page\" data-elementor-id=\"76176\" class=\"elementor elementor-76176\" data-elementor-post-type=\"page\">\n\t\t\t\t\t\t<section class=\"elementor-section elementor-top-section elementor-element elementor-element-f19b8ac elementor-section-height-min-height elementor-section-content-middle animated-slow elementor-section-boxed elementor-section-height-default elementor-section-items-middle elementor-invisible\" data-id=\"f19b8ac\" data-element_type=\"section\" data-settings=\"{&quot;background_background&quot;:&quot;classic&quot;,&quot;animation&quot;:&quot;fadeIn&quot;}\">\n\t\t\t\t\t\t\t<div class=\"elementor-background-overlay\"><\/div>\n\t\t\t\t\t\t\t<div class=\"elementor-container elementor-column-gap-default\">\n\t\t\t\t\t<div class=\"elementor-column elementor-col-100 elementor-top-column elementor-element elementor-element-d56f997\" data-id=\"d56f997\" data-element_type=\"column\">\n\t\t\t<div class=\"elementor-widget-wrap elementor-element-populated\">\n\t\t\t\t\t\t<div class=\"elementor-element elementor-element-4384071 elementor-widget elementor-widget-heading\" data-id=\"4384071\" data-element_type=\"widget\" data-widget_type=\"heading.default\">\n\t\t\t\t<div class=\"elementor-widget-container\">\n\t\t\t\t\t<h2 class=\"elementor-heading-title elementor-size-default\">Bun\u0103 \u0219i bine ai venit!<\/h2>\t\t\t\t<\/div>\n\t\t\t\t<\/div>\n\t\t\t\t<div class=\"elementor-element elementor-element-2c6b12f elementor-widget__width-initial elementor-widget-mobile__width-inherit elementor-widget elementor-widget-heading\" data-id=\"2c6b12f\" data-element_type=\"widget\" data-widget_type=\"heading.default\">\n\t\t\t\t<div class=\"elementor-widget-container\">\n\t\t\t\t\t<h1 class=\"elementor-heading-title elementor-size-default\">Eu sunt Irina.\n<\/h1>\t\t\t\t<\/div>\n\t\t\t\t<\/div>\n\t\t\t\t<div class=\"elementor-element elementor-element-7493e9e elementor-widget elementor-widget-text-editor\" data-id=\"7493e9e\" data-element_type=\"widget\" data-widget_type=\"text-editor.default\">\n\t\t\t\t<div class=\"elementor-widget-container\">\n\t\t\t\t\t\t\t\t\tStrateg multidisciplinar &#8211; construiesc strategii de brand \u0219i comunicare pentru business-ul t\u0103u \u0219i strategii de antrenament, nutri\u021bie \u0219i obiceiuri s\u0103n\u0103toase pentru s\u0103n\u0103tatea \u0219i longevitatea&nbsp;ta.\t\t\t\t\t\t\t\t<\/div>\n\t\t\t\t<\/div>\n\t\t\t\t<div class=\"elementor-element elementor-element-b630277 elementor-align-right elementor-widget__width-auto elementor-invisible elementor-widget elementor-widget-button\" data-id=\"b630277\" data-element_type=\"widget\" data-settings=\"{&quot;_animation&quot;:&quot;fadeInUp&quot;,&quot;_animation_delay&quot;:500}\" data-widget_type=\"button.default\">\n\t\t\t\t<div class=\"elementor-widget-container\">\n\t\t\t\t\t\t\t\t\t<div class=\"elementor-button-wrapper\">\n\t\t\t\t\t<a class=\"elementor-button elementor-button-link elementor-size-sm\" href=\"https:\/\/irinanegrila.ro\/en\/lucreaza-cu-mine\/\">\n\t\t\t\t\t\t<span class=\"elementor-button-content-wrapper\">\n\t\t\t\t\t\t\t\t\t<span class=\"elementor-button-text\">Lucreaz\u0103 cu mine<\/span>\n\t\t\t\t\t<\/span>\n\t\t\t\t\t<\/a>\n\t\t\t\t<\/div>\n\t\t\t\t\t\t\t\t<\/div>\n\t\t\t\t<\/div>\n\t\t\t\t\t<\/div>\n\t\t<\/div>\n\t\t\t\t\t<\/div>\n\t\t<\/section>\n\t\t\t\t<section class=\"elementor-section elementor-top-section elementor-element elementor-element-04d14fc animated-slow elementor-section-boxed elementor-section-height-default elementor-section-height-default elementor-invisible\" data-id=\"04d14fc\" data-element_type=\"section\" data-settings=\"{&quot;background_background&quot;:&quot;classic&quot;,&quot;animation&quot;:&quot;fadeIn&quot;}\">\n\t\t\t\t\t\t\t<div class=\"elementor-background-overlay\"><\/div>\n\t\t\t\t\t\t\t<div class=\"elementor-container elementor-column-gap-default\">\n\t\t\t\t\t<div class=\"elementor-column elementor-col-100 elementor-top-column elementor-element elementor-element-4c0873f\" data-id=\"4c0873f\" data-element_type=\"column\">\n\t\t\t<div class=\"elementor-widget-wrap elementor-element-populated\">\n\t\t\t\t\t\t<div class=\"elementor-element elementor-element-dd34e92 elementor-widget elementor-widget-heading\" data-id=\"dd34e92\" data-element_type=\"widget\" data-widget_type=\"heading.default\">\n\t\t\t\t<div class=\"elementor-widget-container\">\n\t\t\t\t\t<h5 class=\"elementor-heading-title elementor-size-default\">C\u00e2teva lucruri despre mine\n\u200b<\/h5>\t\t\t\t<\/div>\n\t\t\t\t<\/div>\n\t\t\t\t<div class=\"elementor-element elementor-element-8f85850 elementor-widget__width-initial elementor-widget-mobile__width-inherit elementor-widget elementor-widget-heading\" data-id=\"8f85850\" data-element_type=\"widget\" data-widget_type=\"heading.default\">\n\t\t\t\t<div class=\"elementor-widget-container\">\n\t\t\t\t\t<h2 class=\"elementor-heading-title elementor-size-default\">Strategie<span> grounded <\/span>\u00een \u0219tiin\u021b\u0103 \u0219i experien\u021b\u0103\u200b<\/h2>\t\t\t\t<\/div>\n\t\t\t\t<\/div>\n\t\t\t\t<div class=\"elementor-element elementor-element-3f776b5 elementor-widget elementor-widget-text-editor\" data-id=\"3f776b5\" data-element_type=\"widget\" data-widget_type=\"text-editor.default\">\n\t\t\t\t<div class=\"elementor-widget-container\">\n\t\t\t\t\t\t\t\t\t<p>Tot ceea ce fac se bazeaz\u0103 pe o g\u00e2ndire strategic\u0103 dezvoltat\u0103 \u00een peste 12 ani de munc\u0103 \u00een branding \u0219i comunicare, dintre care ultimii 6 de soloprenoriat. \u00cen echipe diverse am atins peste 30 de industrii diferite, inclusiv proiecte sociale \u0219i din cultur\u0103, \u0219i peste 50 de clien\u021bi din Europa. Folosesc instrumente de strategie de brand \u0219i planificare a comunic\u0103rii pentru a defini \u0219i eficientiza munca la imaginea afacerii tale.<\/p><p>Sunt personal trainer certificat \u0219i consultant nutri\u021bionist \u00een formare. Am lucrat deja cu clien\u021bi diver\u0219i, fiecare cu nevoi complet diferite \u0219i complexe: de la optimizarea nutri\u021biei pentru maraton, primii pa\u0219i \u00een sport la menopauz\u0103, planuri alimentare pe patologii restrictive \u0219i prioritizarea meselor, rela\u021bia cu m\u00e2ncarea \u0219i cu sportul. Folosesc instrumente din \u0219tiin\u021ba mi\u0219c\u0103rii, a nutri\u021biei \u0219i neuro\u0219tiin\u021b\u0103 pe care le adaptez \u0219i updatez constant odat\u0103 cu noile informa\u021bii din cercet\u0103ri.<\/p>\t\t\t\t\t\t\t\t<\/div>\n\t\t\t\t<\/div>\n\t\t\t\t\t<\/div>\n\t\t<\/div>\n\t\t\t\t\t<\/div>\n\t\t<\/section>\n\t\t\t\t<section class=\"elementor-section elementor-top-section elementor-element elementor-element-2b1addf9 elementor-section-content-middle elementor-reverse-tablet elementor-reverse-mobile animated-slow elementor-section-boxed elementor-section-height-default elementor-section-height-default elementor-invisible\" data-id=\"2b1addf9\" data-element_type=\"section\" data-settings=\"{&quot;animation&quot;:&quot;fadeIn&quot;}\">\n\t\t\t\t\t\t<div class=\"elementor-container elementor-column-gap-default\">\n\t\t\t\t\t<div class=\"elementor-column elementor-col-50 elementor-top-column elementor-element elementor-element-4091adcb\" data-id=\"4091adcb\" data-element_type=\"column\" data-settings=\"{&quot;background_background&quot;:&quot;classic&quot;}\">\n\t\t\t<div class=\"elementor-widget-wrap elementor-element-populated\">\n\t\t\t\t\t\t<div class=\"elementor-element elementor-element-636e26c2 elementor-widget__width-initial elementor-absolute elementor-widget-tablet__width-initial e-transform elementor-widget elementor-widget-image\" data-id=\"636e26c2\" data-element_type=\"widget\" data-settings=\"{&quot;_position&quot;:&quot;absolute&quot;,&quot;motion_fx_motion_fx_scrolling&quot;:&quot;yes&quot;,&quot;motion_fx_translateY_effect&quot;:&quot;yes&quot;,&quot;motion_fx_translateY_speed&quot;:{&quot;unit&quot;:&quot;px&quot;,&quot;size&quot;:1.399999999999999911182158029987476766109466552734375,&quot;sizes&quot;:[]},&quot;motion_fx_devices&quot;:[&quot;desktop&quot;,&quot;tablet&quot;],&quot;_transform_rotateZ_effect&quot;:{&quot;unit&quot;:&quot;px&quot;,&quot;size&quot;:-35,&quot;sizes&quot;:[]},&quot;motion_fx_rotateZ_effect&quot;:&quot;yes&quot;,&quot;motion_fx_rotateZ_speed&quot;:{&quot;unit&quot;:&quot;px&quot;,&quot;size&quot;:0.1000000000000000055511151231257827021181583404541015625,&quot;sizes&quot;:[]},&quot;motion_fx_translateY_affectedRange&quot;:{&quot;unit&quot;:&quot;%&quot;,&quot;size&quot;:&quot;&quot;,&quot;sizes&quot;:{&quot;start&quot;:0,&quot;end&quot;:100}},&quot;motion_fx_rotateZ_affectedRange&quot;:{&quot;unit&quot;:&quot;%&quot;,&quot;size&quot;:&quot;&quot;,&quot;sizes&quot;:{&quot;start&quot;:0,&quot;end&quot;:100}},&quot;_transform_rotateZ_effect_widescreen&quot;:{&quot;unit&quot;:&quot;deg&quot;,&quot;size&quot;:&quot;&quot;,&quot;sizes&quot;:[]},&quot;_transform_rotateZ_effect_laptop&quot;:{&quot;unit&quot;:&quot;deg&quot;,&quot;size&quot;:&quot;&quot;,&quot;sizes&quot;:[]},&quot;_transform_rotateZ_effect_tablet&quot;:{&quot;unit&quot;:&quot;deg&quot;,&quot;size&quot;:&quot;&quot;,&quot;sizes&quot;:[]},&quot;_transform_rotateZ_effect_mobile&quot;:{&quot;unit&quot;:&quot;deg&quot;,&quot;size&quot;:&quot;&quot;,&quot;sizes&quot;:[]}}\" data-widget_type=\"image.default\">\n\t\t\t\t<div class=\"elementor-widget-container\">\n\t\t\t\t\t\t\t\t\t\t\t\t\t\t\t<img fetchpriority=\"high\" decoding=\"async\" width=\"802\" height=\"829\" src=\"https:\/\/irinanegrila.ro\/wp-content\/uploads\/2025\/11\/seeds.png\" class=\"attachment-full size-full wp-image-76948\" alt=\"\" srcset=\"https:\/\/irinanegrila.ro\/wp-content\/uploads\/2025\/11\/seeds.png 802w, https:\/\/irinanegrila.ro\/wp-content\/uploads\/2025\/11\/seeds-600x620.png 600w, https:\/\/irinanegrila.ro\/wp-content\/uploads\/2025\/11\/seeds-290x300.png 290w, https:\/\/irinanegrila.ro\/wp-content\/uploads\/2025\/11\/seeds-768x794.png 768w, https:\/\/irinanegrila.ro\/wp-content\/uploads\/2025\/11\/seeds-12x12.png 12w\" sizes=\"(max-width: 802px) 100vw, 802px\" \/>\t\t\t\t\t\t\t\t\t\t\t\t\t\t\t<\/div>\n\t\t\t\t<\/div>\n\t\t\t\t<div class=\"elementor-element elementor-element-10685101 elementor-widget elementor-widget-spacer\" data-id=\"10685101\" data-element_type=\"widget\" data-widget_type=\"spacer.default\">\n\t\t\t\t<div class=\"elementor-widget-container\">\n\t\t\t\t\t\t\t<div class=\"elementor-spacer\">\n\t\t\t<div class=\"elementor-spacer-inner\"><\/div>\n\t\t<\/div>\n\t\t\t\t\t\t<\/div>\n\t\t\t\t<\/div>\n\t\t\t\t\t<\/div>\n\t\t<\/div>\n\t\t\t\t<div class=\"elementor-column elementor-col-50 elementor-top-column elementor-element elementor-element-286681a2\" data-id=\"286681a2\" data-element_type=\"column\">\n\t\t\t<div class=\"elementor-widget-wrap elementor-element-populated\">\n\t\t\t\t\t\t<div class=\"elementor-element elementor-element-47f15a39 elementor-widget__width-initial elementor-widget-mobile__width-inherit elementor-widget elementor-widget-heading\" data-id=\"47f15a39\" data-element_type=\"widget\" data-widget_type=\"heading.default\">\n\t\t\t\t<div class=\"elementor-widget-container\">\n\t\t\t\t\t<h1 class=\"elementor-heading-title elementor-size-default\">Ground Your Brand<\/h1>\t\t\t\t<\/div>\n\t\t\t\t<\/div>\n\t\t\t\t<div class=\"elementor-element elementor-element-641260cf elementor-widget-divider--view-line elementor-widget elementor-widget-divider\" data-id=\"641260cf\" data-element_type=\"widget\" data-widget_type=\"divider.default\">\n\t\t\t\t<div class=\"elementor-widget-container\">\n\t\t\t\t\t\t\t<div class=\"elementor-divider\">\n\t\t\t<span class=\"elementor-divider-separator\">\n\t\t\t\t\t\t<\/span>\n\t\t<\/div>\n\t\t\t\t\t\t<\/div>\n\t\t\t\t<\/div>\n\t\t\t\t<div class=\"elementor-element elementor-element-589cff7f elementor-widget elementor-widget-text-editor\" data-id=\"589cff7f\" data-element_type=\"widget\" data-widget_type=\"text-editor.default\">\n\t\t\t\t<div class=\"elementor-widget-container\">\n\t\t\t\t\t\t\t\t\t<p>Te-ai lovit de un zid \u00een comunicarea ta? Nu \u0219tii cum s\u0103 ajungi la oamenii potrivi\u021bi \u0219i cum s\u0103 te define\u0219ti cu claritate?<\/p>\t\t\t\t\t\t\t\t<\/div>\n\t\t\t\t<\/div>\n\t\t\t\t<div class=\"elementor-element elementor-element-3a58383 elementor-widget elementor-widget-text-editor\" data-id=\"3a58383\" data-element_type=\"widget\" data-widget_type=\"text-editor.default\">\n\t\t\t\t<div class=\"elementor-widget-container\">\n\t\t\t\t\t\t\t\t\t<p>Pentru brandul companiei tale sau brandul t\u0103u personal folosesc instrumente de comunicare \u0219i branding care te ajut\u0103 s\u0103 \u00ee\u021bi clarifici pozi\u021bionarea, s\u0103 \u00ee\u021bi construie\u0219ti mesajul \u0219i s\u0103 creezi o imagine puternic\u0103 \u0219i coerent\u0103. \u00cen to\u021bi ace\u0219ti ani am dezvoltat un proces u\u0219or de \u00een\u021beles, structurat \u0219i clar indiferent de c\u00e2t de abstract este domeniul percep\u021biei. Este complet personalizat pe compania ta sau brandul t\u0103u personal pentru a crea \u0219i defini de fiecare dat\u0103 un brand autentic, bine ancorat \u00een valorile tale, care s\u0103 sus\u021bin\u0103 cre\u0219terea businessului \u0219i s\u0103 ajung\u0103 la oamenii potrivi\u021bi.<\/p>\t\t\t\t\t\t\t\t<\/div>\n\t\t\t\t<\/div>\n\t\t\t\t\t<\/div>\n\t\t<\/div>\n\t\t\t\t\t<\/div>\n\t\t<\/section>\n\t\t\t\t<section class=\"elementor-section elementor-top-section elementor-element elementor-element-74d1b8b elementor-section-content-middle animated-slow elementor-section-boxed elementor-section-height-default elementor-section-height-default elementor-invisible\" data-id=\"74d1b8b\" data-element_type=\"section\" data-settings=\"{&quot;animation&quot;:&quot;fadeIn&quot;}\">\n\t\t\t\t\t\t<div class=\"elementor-container elementor-column-gap-default\">\n\t\t\t\t\t<div class=\"elementor-column elementor-col-50 elementor-top-column elementor-element elementor-element-380bb3e\" data-id=\"380bb3e\" data-element_type=\"column\">\n\t\t\t<div class=\"elementor-widget-wrap elementor-element-populated\">\n\t\t\t\t\t\t<div class=\"elementor-element elementor-element-2db6878 elementor-widget__width-initial elementor-widget-mobile__width-inherit elementor-widget elementor-widget-heading\" data-id=\"2db6878\" data-element_type=\"widget\" data-widget_type=\"heading.default\">\n\t\t\t\t<div class=\"elementor-widget-container\">\n\t\t\t\t\t<h1 class=\"elementor-heading-title elementor-size-default\">Ground Yourself<\/h1>\t\t\t\t<\/div>\n\t\t\t\t<\/div>\n\t\t\t\t<div class=\"elementor-element elementor-element-352a477 elementor-widget-divider--view-line elementor-widget elementor-widget-divider\" data-id=\"352a477\" data-element_type=\"widget\" data-widget_type=\"divider.default\">\n\t\t\t\t<div class=\"elementor-widget-container\">\n\t\t\t\t\t\t\t<div class=\"elementor-divider\">\n\t\t\t<span class=\"elementor-divider-separator\">\n\t\t\t\t\t\t<\/span>\n\t\t<\/div>\n\t\t\t\t\t\t<\/div>\n\t\t\t\t<\/div>\n\t\t\t\t<div class=\"elementor-element elementor-element-df38f6a elementor-widget elementor-widget-text-editor\" data-id=\"df38f6a\" data-element_type=\"widget\" data-widget_type=\"text-editor.default\">\n\t\t\t\t<div class=\"elementor-widget-container\">\n\t\t\t\t\t\t\t\t\t<p>Te treze\u0219ti mereu obosit(\u0103)? Sim\u021bi c\u0103 ziua ar avea nevoie de 30 de ore? Nu \u0219tii cum s\u0103 te \u00eempar\u021bi \u00eentre toate lucrurile pe care le ai de f\u0103cut? Hrana \u0219i mi\u0219carea nu ar trebui s\u0103 fie complicate. <\/p>\t\t\t\t\t\t\t\t<\/div>\n\t\t\t\t<\/div>\n\t\t\t\t<div class=\"elementor-element elementor-element-ec95039 elementor-widget elementor-widget-text-editor\" data-id=\"ec95039\" data-element_type=\"widget\" data-widget_type=\"text-editor.default\">\n\t\t\t\t<div class=\"elementor-widget-container\">\n\t\t\t\t\t\t\t\t\t<p>Ca antreprenor, dar \u0219i suport pentru antreprenori, am realizat c\u0103 prioritiz\u0103m, de multe ori, munca \u00een detrimentul s\u0103n\u0103t\u0103\u021bii, echilibrului \u0219i aten\u021biei la nevoile noastre. Din credin\u021ba c\u0103 le putem avea pe ambele \u0219i c\u0103 una depinde de cealalt\u0103, caut continuu instrumente care s\u0103 m\u0103 ajute s\u0103 m\u0103 simt echilibrat\u0103, fericit\u0103 \u0219i plin\u0103 de energie. G\u00e2ndirea mea strategic\u0103 le d\u0103 structur\u0103, le alege pe cele potrivite \u0219i le simplific\u0103 pentru a fi c\u00e2t mai u\u0219or de implementat \u00een vie\u021bile noastre de zi cu zi.<\/p>\t\t\t\t\t\t\t\t<\/div>\n\t\t\t\t<\/div>\n\t\t\t\t\t<\/div>\n\t\t<\/div>\n\t\t\t\t<div class=\"elementor-column elementor-col-50 elementor-top-column elementor-element elementor-element-351dacf\" data-id=\"351dacf\" data-element_type=\"column\" data-settings=\"{&quot;background_background&quot;:&quot;classic&quot;}\">\n\t\t\t<div class=\"elementor-widget-wrap elementor-element-populated\">\n\t\t\t\t\t\t<div class=\"elementor-element elementor-element-e30885e elementor-widget__width-initial elementor-absolute elementor-widget-tablet__width-initial e-transform elementor-widget elementor-widget-image\" data-id=\"e30885e\" data-element_type=\"widget\" data-settings=\"{&quot;_position&quot;:&quot;absolute&quot;,&quot;motion_fx_motion_fx_scrolling&quot;:&quot;yes&quot;,&quot;motion_fx_translateY_effect&quot;:&quot;yes&quot;,&quot;motion_fx_translateY_speed&quot;:{&quot;unit&quot;:&quot;px&quot;,&quot;size&quot;:&quot;2&quot;,&quot;sizes&quot;:[]},&quot;motion_fx_devices&quot;:[&quot;desktop&quot;,&quot;tablet&quot;],&quot;_transform_rotateZ_effect&quot;:{&quot;unit&quot;:&quot;px&quot;,&quot;size&quot;:-18,&quot;sizes&quot;:[]},&quot;motion_fx_translateY_direction&quot;:&quot;negative&quot;,&quot;motion_fx_rotateZ_effect&quot;:&quot;yes&quot;,&quot;motion_fx_rotateZ_speed&quot;:{&quot;unit&quot;:&quot;px&quot;,&quot;size&quot;:0.200000000000000011102230246251565404236316680908203125,&quot;sizes&quot;:[]},&quot;motion_fx_translateY_affectedRange&quot;:{&quot;unit&quot;:&quot;%&quot;,&quot;size&quot;:&quot;&quot;,&quot;sizes&quot;:{&quot;start&quot;:0,&quot;end&quot;:100}},&quot;motion_fx_rotateZ_affectedRange&quot;:{&quot;unit&quot;:&quot;%&quot;,&quot;size&quot;:&quot;&quot;,&quot;sizes&quot;:{&quot;start&quot;:0,&quot;end&quot;:100}},&quot;_transform_rotateZ_effect_widescreen&quot;:{&quot;unit&quot;:&quot;deg&quot;,&quot;size&quot;:&quot;&quot;,&quot;sizes&quot;:[]},&quot;_transform_rotateZ_effect_laptop&quot;:{&quot;unit&quot;:&quot;deg&quot;,&quot;size&quot;:&quot;&quot;,&quot;sizes&quot;:[]},&quot;_transform_rotateZ_effect_tablet&quot;:{&quot;unit&quot;:&quot;deg&quot;,&quot;size&quot;:&quot;&quot;,&quot;sizes&quot;:[]},&quot;_transform_rotateZ_effect_mobile&quot;:{&quot;unit&quot;:&quot;deg&quot;,&quot;size&quot;:&quot;&quot;,&quot;sizes&quot;:[]}}\" data-widget_type=\"image.default\">\n\t\t\t\t<div class=\"elementor-widget-container\">\n\t\t\t\t\t\t\t\t\t\t\t\t\t\t\t<img fetchpriority=\"high\" decoding=\"async\" width=\"802\" height=\"829\" src=\"https:\/\/irinanegrila.ro\/wp-content\/uploads\/2025\/11\/seeds.png\" class=\"attachment-full size-full wp-image-76948\" alt=\"\" srcset=\"https:\/\/irinanegrila.ro\/wp-content\/uploads\/2025\/11\/seeds.png 802w, https:\/\/irinanegrila.ro\/wp-content\/uploads\/2025\/11\/seeds-600x620.png 600w, https:\/\/irinanegrila.ro\/wp-content\/uploads\/2025\/11\/seeds-290x300.png 290w, https:\/\/irinanegrila.ro\/wp-content\/uploads\/2025\/11\/seeds-768x794.png 768w, https:\/\/irinanegrila.ro\/wp-content\/uploads\/2025\/11\/seeds-12x12.png 12w\" sizes=\"(max-width: 802px) 100vw, 802px\" \/>\t\t\t\t\t\t\t\t\t\t\t\t\t\t\t<\/div>\n\t\t\t\t<\/div>\n\t\t\t\t<div class=\"elementor-element elementor-element-2bd04dd elementor-widget elementor-widget-spacer\" data-id=\"2bd04dd\" data-element_type=\"widget\" data-widget_type=\"spacer.default\">\n\t\t\t\t<div class=\"elementor-widget-container\">\n\t\t\t\t\t\t\t<div class=\"elementor-spacer\">\n\t\t\t<div class=\"elementor-spacer-inner\"><\/div>\n\t\t<\/div>\n\t\t\t\t\t\t<\/div>\n\t\t\t\t<\/div>\n\t\t\t\t\t<\/div>\n\t\t<\/div>\n\t\t\t\t\t<\/div>\n\t\t<\/section>\n\t\t\t\t<section class=\"elementor-section elementor-top-section elementor-element elementor-element-3ea5c168 elementor-section-height-min-height elementor-section-items-stretch elementor-section-content-middle animated-slow elementor-section-boxed elementor-section-height-default elementor-invisible\" data-id=\"3ea5c168\" data-element_type=\"section\" data-settings=\"{&quot;background_background&quot;:&quot;classic&quot;,&quot;animation&quot;:&quot;fadeIn&quot;}\">\n\t\t\t\t\t\t\t<div class=\"elementor-background-overlay\"><\/div>\n\t\t\t\t\t\t\t<div class=\"elementor-container elementor-column-gap-default\">\n\t\t\t\t\t<div class=\"elementor-column elementor-col-100 elementor-top-column elementor-element elementor-element-2d97d984\" data-id=\"2d97d984\" data-element_type=\"column\" data-settings=\"{&quot;background_background&quot;:&quot;classic&quot;}\">\n\t\t\t<div class=\"elementor-widget-wrap elementor-element-populated\">\n\t\t\t\t\t\t<div class=\"elementor-element elementor-element-63e4ee58 elementor-widget__width-initial elementor-widget-mobile__width-inherit elementor-widget elementor-widget-heading\" data-id=\"63e4ee58\" data-element_type=\"widget\" data-widget_type=\"heading.default\">\n\t\t\t\t<div class=\"elementor-widget-container\">\n\t\t\t\t\t<h2 class=\"elementor-heading-title elementor-size-default\">Hai s\u0103 vedem cu ce te pot&nbsp;ajuta<\/h2>\t\t\t\t<\/div>\n\t\t\t\t<\/div>\n\t\t\t\t<div class=\"elementor-element elementor-element-5cae2e4c elementor-widget elementor-widget-text-editor\" data-id=\"5cae2e4c\" data-element_type=\"widget\" data-widget_type=\"text-editor.default\">\n\t\t\t\t<div class=\"elementor-widget-container\">\n\t\t\t\t\t\t\t\t\t<p>Abordarea mea este holistic\u0103: \u00ee\u021bi ofer structur\u0103, claritate \u0219i direc\u021bie, indiferent dac\u0103 lucr\u0103m la brandul t\u0103u sau la starea ta de bine pe termen lung \u2014 pentru c\u0103 \u00een final, ambele au nevoie de o baz\u0103 solid\u0103 \u0219i de ac\u021biunile potrivite pentru a avea impact.<\/p><p>\u00cenc\u0103 nu \u021bi-e clar dac\u0103 are sens s\u0103 lucr\u0103m \u00eempreun\u0103? Hai s\u0103 povestim \u0219i s\u0103 ne d\u0103m seama dac\u0103 te pot ajuta.<\/p>\t\t\t\t\t\t\t\t<\/div>\n\t\t\t\t<\/div>\n\t\t\t\t<div class=\"elementor-element elementor-element-e1123e5 elementor-align-right elementor-widget__width-auto elementor-mobile-align-justify elementor-widget-mobile__width-inherit elementor-widget elementor-widget-button\" data-id=\"e1123e5\" data-element_type=\"widget\" data-widget_type=\"button.default\">\n\t\t\t\t<div class=\"elementor-widget-container\">\n\t\t\t\t\t\t\t\t\t<div class=\"elementor-button-wrapper\">\n\t\t\t\t\t<a class=\"elementor-button elementor-button-link elementor-size-sm\" href=\"https:\/\/irinanegrila.ro\/en\/contact\/\">\n\t\t\t\t\t\t<span class=\"elementor-button-content-wrapper\">\n\t\t\t\t\t\t\t\t\t<span class=\"elementor-button-text\">Scrie-mi<\/span>\n\t\t\t\t\t<\/span>\n\t\t\t\t\t<\/a>\n\t\t\t\t<\/div>\n\t\t\t\t\t\t\t\t<\/div>\n\t\t\t\t<\/div>\n\t\t\t\t\t<\/div>\n\t\t<\/div>\n\t\t\t\t\t<\/div>\n\t\t<\/section>\n\t\t\t\t<\/div>","protected":false},"excerpt":{"rendered":"<p>Bun\u0103 \u0219i bine ai venit! Eu sunt Irina. Strateg multidisciplinar &#8211; construiesc strategii de brand \u0219i comunicare pentru business-ul t\u0103u \u0219i strategii de antrenament, nutri\u021bie \u0219i obiceiuri s\u0103n\u0103toase pentru s\u0103n\u0103tatea \u0219i longevitatea&nbsp;ta. Lucreaz\u0103 cu mine C\u00e2teva lucruri despre mine \u200b Strategie grounded \u00een \u0219tiin\u021b\u0103 \u0219i experien\u021b\u0103\u200b Tot ceea ce fac se bazeaz\u0103 pe o g\u00e2ndire [&hellip;]<\/p>","protected":false},"author":4,"featured_media":0,"parent":0,"menu_order":0,"comment_status":"closed","ping_status":"closed","template":"elementor_header_footer","meta":{"footnotes":""},"class_list":["post-76176","page","type-page","status-publish","hentry"],"_links":{"self":[{"href":"https:\/\/irinanegrila.ro\/en\/wp-json\/wp\/v2\/pages\/76176","targetHints":{"allow":["GET"]}}],"collection":[{"href":"https:\/\/irinanegrila.ro\/en\/wp-json\/wp\/v2\/pages"}],"about":[{"href":"https:\/\/irinanegrila.ro\/en\/wp-json\/wp\/v2\/types\/page"}],"author":[{"embeddable":true,"href":"https:\/\/irinanegrila.ro\/en\/wp-json\/wp\/v2\/users\/4"}],"replies":[{"embeddable":true,"href":"https:\/\/irinanegrila.ro\/en\/wp-json\/wp\/v2\/comments?post=76176"}],"version-history":[{"count":175,"href":"https:\/\/irinanegrila.ro\/en\/wp-json\/wp\/v2\/pages\/76176\/revisions"}],"predecessor-version":[{"id":77573,"href":"https:\/\/irinanegrila.ro\/en\/wp-json\/wp\/v2\/pages\/76176\/revisions\/77573"}],"wp:attachment":[{"href":"https:\/\/irinanegrila.ro\/en\/wp-json\/wp\/v2\/media?parent=76176"}],"curies":[{"name":"wp","href":"https:\/\/api.w.org\/{rel}","templated":true}]}}